{"id":167,"date":"2026-01-15T10:13:28","date_gmt":"2026-01-15T09:13:28","guid":{"rendered":"https:\/\/www.lastryko.eu\/?page_id=167"},"modified":"2026-01-15T13:07:10","modified_gmt":"2026-01-15T12:07:10","slug":"cena-materialu-lastryko-terrazzo","status":"publish","type":"page","link":"http:\/\/www.lastryko.eu\/?page_id=167","title":{"rendered":"Cena materia\u0142u Lastryko Terrazzo"},"content":{"rendered":"\n<p>Cena materia\u0142u lastryko \/ terrazzo<\/p>\n\n\n\n<p>Ceny materia\u0142u lastryko\/terrazzo zaczynaj\u0105 si\u0119 od <strong>4,50 z\u0142 netto\/kg<\/strong> i s\u0105 <strong>uzale\u017cnione od wybranego koloru oraz rodzaju zastosowanego kruszywa<\/strong>.<\/p>\n\n\n\n<p>Zu\u017cycie materia\u0142u zale\u017cy od przeznaczenia pod\u0142ogi oraz u\u017cytego kruszywa. Standardowo przyjmuje si\u0119 ok. <strong>2 cm grubo\u015bci materia\u0142u na 1 m\u00b2<\/strong>. Nale\u017cy pami\u0119ta\u0107, \u017ce po wylaniu posadzka jest szlifowana, co oznacza, \u017ce jej <strong>ostateczna grubo\u015b\u0107 mo\u017ce wynosi\u0107 ok. 1,5 cm<\/strong> (np. w pomieszczeniach mieszkalnych, takich jak salon).<\/p>\n\n\n\n<p>W przypadku posadzek w obiektach u\u017cyteczno\u015bci publicznej lub przemys\u0142owych <strong>grubo\u015b\u0107 posadzki ustalana jest indywidualnie<\/strong>, w zale\u017cno\u015bci od warunk\u00f3w u\u017cytkowania i przewidywanych obci\u0105\u017ce\u0144.<\/p>\n\n\n\n<p>Koszt wykonania 1 m\u00b2 lastryko przy uziarnieniu kruszywa do 20 mm wynosi:<br>36 kg\/m\u00b2 \u00d7 4,50 z\u0142\/kg = 162,00 z\u0142 netto \/ m\u00b2<\/p>\n\n\n\n<p>Przyk\u0142adowo:<\/p>\n\n\n\n<p><strong>Koszt materia\u0142u lastryko na 50 m\u00b2:<\/strong> <strong>8 100 z\u0142 netto<\/strong><\/p>\n\n\n\n<p>Wykonanie Lastryko z materia\u0142em cena:<\/p>\n\n\n\n<p>Pod\u0142ogi &#8211; od 650 z\u0142\/netto\/m2<\/p>\n\n\n\n<p>\u015aciany\/Lamperie od 800- 1300z\u0142\/netto\/m2<\/p>\n\n\n\n<p>\u015aciany zewn\u0119trzne, wycena indywidualna<\/p>\n\n\n\n<p><\/p>\n","protected":false},"excerpt":{"rendered":"<p>Cena materia\u0142u lastryko \/ terrazzo Ceny materia\u0142u lastryko\/terrazzo zaczynaj\u0105 si\u0119 od 4,50 z\u0142 netto\/kg i s\u0105 uzale\u017cnione od wybranego koloru oraz rodzaju zastosowanego kruszywa. Zu\u017cycie materia\u0142u zale\u017cy od przeznaczenia pod\u0142ogi oraz u\u017cytego kruszywa. Standardowo przyjmuje si\u0119 ok. 2 cm grubo\u015bci materia\u0142u na 1 m\u00b2. Nale\u017cy pami\u0119ta\u0107, \u017ce po wylaniu posadzka jest szlifowana, co oznacza, \u017ce [&hellip;]<\/p>\n","protected":false},"author":1,"featured_media":0,"parent":0,"menu_order":0,"comment_status":"closed","ping_status":"closed","template":"","meta":{"footnotes":""},"class_list":["post-167","page","type-page","status-publish","hentry"],"yoast_head":"<!-- This site is optimized with the Yoast SEO plugin v26.4 - https:\/\/yoast.com\/wordpress\/plugins\/seo\/ -->\n<title>Cena materia\u0142u Lastryko Terrazzo - Lastryko.eu<\/title>\n<meta name=\"robots\" content=\"index, follow, max-snippet:-1, max-image-preview:large, max-video-preview:-1\" \/>\n<link rel=\"canonical\" href=\"http:\/\/www.lastryko.eu\/?page_id=167\" \/>\n<meta property=\"og:locale\" content=\"pl_PL\" \/>\n<meta property=\"og:type\" content=\"article\" \/>\n<meta property=\"og:title\" content=\"Cena materia\u0142u Lastryko Terrazzo - Lastryko.eu\" \/>\n<meta property=\"og:description\" content=\"Cena materia\u0142u lastryko \/ terrazzo Ceny materia\u0142u lastryko\/terrazzo zaczynaj\u0105 si\u0119 od 4,50 z\u0142 netto\/kg i s\u0105 uzale\u017cnione od wybranego koloru oraz rodzaju zastosowanego kruszywa. Zu\u017cycie materia\u0142u zale\u017cy od przeznaczenia pod\u0142ogi oraz u\u017cytego kruszywa. Standardowo przyjmuje si\u0119 ok. 2 cm grubo\u015bci materia\u0142u na 1 m\u00b2. Nale\u017cy pami\u0119ta\u0107, \u017ce po wylaniu posadzka jest szlifowana, co oznacza, \u017ce [&hellip;]\" \/>\n<meta property=\"og:url\" content=\"http:\/\/www.lastryko.eu\/?page_id=167\" \/>\n<meta property=\"og:site_name\" content=\"Lastryko.eu\" \/>\n<meta property=\"article:modified_time\" content=\"2026-01-15T12:07:10+00:00\" \/>\n<meta name=\"twitter:card\" content=\"summary_large_image\" \/>\n<meta name=\"twitter:label1\" content=\"Szacowany czas czytania\" \/>\n\t<meta name=\"twitter:data1\" content=\"1 minuta\" \/>\n<script type=\"application\/ld+json\" class=\"yoast-schema-graph\">{\"@context\":\"https:\/\/schema.org\",\"@graph\":[{\"@type\":\"WebPage\",\"@id\":\"http:\/\/www.lastryko.eu\/?page_id=167\",\"url\":\"http:\/\/www.lastryko.eu\/?page_id=167\",\"name\":\"Cena materia\u0142u Lastryko Terrazzo - Lastryko.eu\",\"isPartOf\":{\"@id\":\"http:\/\/www.lastryko.eu\/#website\"},\"datePublished\":\"2026-01-15T09:13:28+00:00\",\"dateModified\":\"2026-01-15T12:07:10+00:00\",\"breadcrumb\":{\"@id\":\"http:\/\/www.lastryko.eu\/?page_id=167#breadcrumb\"},\"inLanguage\":\"pl-PL\",\"potentialAction\":[{\"@type\":\"ReadAction\",\"target\":[\"http:\/\/www.lastryko.eu\/?page_id=167\"]}]},{\"@type\":\"BreadcrumbList\",\"@id\":\"http:\/\/www.lastryko.eu\/?page_id=167#breadcrumb\",\"itemListElement\":[{\"@type\":\"ListItem\",\"position\":1,\"name\":\"Home\",\"item\":\"http:\/\/www.lastryko.eu\/\"},{\"@type\":\"ListItem\",\"position\":2,\"name\":\"Cena materia\u0142u Lastryko Terrazzo\"}]},{\"@type\":\"WebSite\",\"@id\":\"http:\/\/www.lastryko.eu\/#website\",\"url\":\"http:\/\/www.lastryko.eu\/\",\"name\":\"Lastryko.eu\",\"description\":\"Producent suchych zapraw Lastryko\",\"potentialAction\":[{\"@type\":\"SearchAction\",\"target\":{\"@type\":\"EntryPoint\",\"urlTemplate\":\"http:\/\/www.lastryko.eu\/?s={search_term_string}\"},\"query-input\":{\"@type\":\"PropertyValueSpecification\",\"valueRequired\":true,\"valueName\":\"search_term_string\"}}],\"inLanguage\":\"pl-PL\"}]}<\/script>\n<!-- \/ Yoast SEO plugin. -->","yoast_head_json":{"title":"Cena materia\u0142u Lastryko Terrazzo - Lastryko.eu","robots":{"index":"index","follow":"follow","max-snippet":"max-snippet:-1","max-image-preview":"max-image-preview:large","max-video-preview":"max-video-preview:-1"},"canonical":"http:\/\/www.lastryko.eu\/?page_id=167","og_locale":"pl_PL","og_type":"article","og_title":"Cena materia\u0142u Lastryko Terrazzo - Lastryko.eu","og_description":"Cena materia\u0142u lastryko \/ terrazzo Ceny materia\u0142u lastryko\/terrazzo zaczynaj\u0105 si\u0119 od 4,50 z\u0142 netto\/kg i s\u0105 uzale\u017cnione od wybranego koloru oraz rodzaju zastosowanego kruszywa. Zu\u017cycie materia\u0142u zale\u017cy od przeznaczenia pod\u0142ogi oraz u\u017cytego kruszywa. Standardowo przyjmuje si\u0119 ok. 2 cm grubo\u015bci materia\u0142u na 1 m\u00b2. Nale\u017cy pami\u0119ta\u0107, \u017ce po wylaniu posadzka jest szlifowana, co oznacza, \u017ce [&hellip;]","og_url":"http:\/\/www.lastryko.eu\/?page_id=167","og_site_name":"Lastryko.eu","article_modified_time":"2026-01-15T12:07:10+00:00","twitter_card":"summary_large_image","twitter_misc":{"Szacowany czas czytania":"1 minuta"},"schema":{"@context":"https:\/\/schema.org","@graph":[{"@type":"WebPage","@id":"http:\/\/www.lastryko.eu\/?page_id=167","url":"http:\/\/www.lastryko.eu\/?page_id=167","name":"Cena materia\u0142u Lastryko Terrazzo - Lastryko.eu","isPartOf":{"@id":"http:\/\/www.lastryko.eu\/#website"},"datePublished":"2026-01-15T09:13:28+00:00","dateModified":"2026-01-15T12:07:10+00:00","breadcrumb":{"@id":"http:\/\/www.lastryko.eu\/?page_id=167#breadcrumb"},"inLanguage":"pl-PL","potentialAction":[{"@type":"ReadAction","target":["http:\/\/www.lastryko.eu\/?page_id=167"]}]},{"@type":"BreadcrumbList","@id":"http:\/\/www.lastryko.eu\/?page_id=167#breadcrumb","itemListElement":[{"@type":"ListItem","position":1,"name":"Home","item":"http:\/\/www.lastryko.eu\/"},{"@type":"ListItem","position":2,"name":"Cena materia\u0142u Lastryko Terrazzo"}]},{"@type":"WebSite","@id":"http:\/\/www.lastryko.eu\/#website","url":"http:\/\/www.lastryko.eu\/","name":"Lastryko.eu","description":"Producent suchych zapraw Lastryko","potentialAction":[{"@type":"SearchAction","target":{"@type":"EntryPoint","urlTemplate":"http:\/\/www.lastryko.eu\/?s={search_term_string}"},"query-input":{"@type":"PropertyValueSpecification","valueRequired":true,"valueName":"search_term_string"}}],"inLanguage":"pl-PL"}]}},"_links":{"self":[{"href":"http:\/\/www.lastryko.eu\/index.php?rest_route=\/wp\/v2\/pages\/167","targetHints":{"allow":["GET"]}}],"collection":[{"href":"http:\/\/www.lastryko.eu\/index.php?rest_route=\/wp\/v2\/pages"}],"about":[{"href":"http:\/\/www.lastryko.eu\/index.php?rest_route=\/wp\/v2\/types\/page"}],"author":[{"embeddable":true,"href":"http:\/\/www.lastryko.eu\/index.php?rest_route=\/wp\/v2\/users\/1"}],"replies":[{"embeddable":true,"href":"http:\/\/www.lastryko.eu\/index.php?rest_route=%2Fwp%2Fv2%2Fcomments&post=167"}],"version-history":[{"count":2,"href":"http:\/\/www.lastryko.eu\/index.php?rest_route=\/wp\/v2\/pages\/167\/revisions"}],"predecessor-version":[{"id":172,"href":"http:\/\/www.lastryko.eu\/index.php?rest_route=\/wp\/v2\/pages\/167\/revisions\/172"}],"wp:attachment":[{"href":"http:\/\/www.lastryko.eu\/index.php?rest_route=%2Fwp%2Fv2%2Fmedia&parent=167"}],"curies":[{"name":"wp","href":"https:\/\/api.w.org\/{rel}","templated":true}]}}